{"id":6605,"date":"2025-12-17T15:40:38","date_gmt":"2025-12-17T14:40:38","guid":{"rendered":"https:\/\/hotsytotsy.hu\/?page_id=6605"},"modified":"2025-12-17T17:19:02","modified_gmt":"2025-12-17T16:19:02","slug":"code-of-conduct","status":"publish","type":"page","link":"https:\/\/hotsytotsy.hu\/hu\/code-of-conduct\/","title":{"rendered":"H\u00e1zirend"},"content":{"rendered":"\t\t<div data-elementor-type=\"wp-page\" data-elementor-id=\"6605\" class=\"elementor elementor-6605\" data-elementor-post-type=\"page\">\n\t\t\t\t<div class=\"elementor-element elementor-element-6b7518b9 e-con-full e-flex e-con e-parent\" data-id=\"6b7518b9\" data-element_type=\"container\" data-e-type=\"container\" data-settings=\"{&quot;background_background&quot;:&quot;classic&quot;}\">\n\t\t<div class=\"elementor-element elementor-element-152e4cbd e-con-full e-flex e-con e-child\" data-id=\"152e4cbd\" data-element_type=\"container\" data-e-type=\"container\" data-settings=\"{&quot;background_background&quot;:&quot;classic&quot;,&quot;sticky&quot;:&quot;top&quot;,&quot;sticky_on&quot;:[&quot;widescreen&quot;,&quot;desktop&quot;,&quot;laptop&quot;,&quot;tablet_extra&quot;],&quot;sticky_offset&quot;:45,&quot;sticky_offset_widescreen&quot;:0,&quot;sticky_offset_laptop&quot;:0,&quot;sticky_anchor_link_offset_laptop&quot;:0,&quot;sticky_parent&quot;:&quot;yes&quot;,&quot;animation&quot;:&quot;none&quot;,&quot;sticky_effects_offset_laptop&quot;:0,&quot;sticky_effects_offset&quot;:0,&quot;sticky_anchor_link_offset&quot;:0}\">\n\t\t\t\t<div class=\"elementor-element elementor-element-a801b1b elementor-widget elementor-widget-image\" data-id=\"a801b1b\" data-element_type=\"widget\" data-e-type=\"widget\" data-widget_type=\"image.default\">\n\t\t\t\t<div class=\"elementor-widget-container\">\n\t\t\t\t\t\t\t\t\t\t\t\t\t\t\t<img decoding=\"async\" src=\"https:\/\/hotsytotsy.hu\/wp-content\/uploads\/2025\/10\/hotsy-totsy-over-18-popup.webp\" title=\"hotsy-totsy-over-18-popup\" alt=\"hotsy-totsy-over-18-popup\" loading=\"lazy\" \/>\t\t\t\t\t\t\t\t\t\t\t\t\t\t\t<\/div>\n\t\t\t\t<\/div>\n\t\t\t\t<\/div>\n\t\t<div class=\"elementor-element elementor-element-252e9fa4 e-con-full e-flex e-con e-child\" data-id=\"252e9fa4\" data-element_type=\"container\" data-e-type=\"container\" data-settings=\"{&quot;background_background&quot;:&quot;classic&quot;}\">\n\t\t\t\t<div class=\"elementor-element elementor-element-8961a31 elementor-widget elementor-widget-heading\" data-id=\"8961a31\" data-element_type=\"widget\" data-e-type=\"widget\" data-widget_type=\"heading.default\">\n\t\t\t\t<div class=\"elementor-widget-container\">\n\t\t\t\t\t<h1 class=\"elementor-heading-title elementor-size-default\">Code of conduct<\/h1>\t\t\t\t<\/div>\n\t\t\t\t<\/div>\n\t\t\t\t<div class=\"elementor-element elementor-element-59f3651 elementor-widget elementor-widget-text-editor\" data-id=\"59f3651\" data-element_type=\"widget\" data-e-type=\"widget\" data-widget_type=\"text-editor.default\">\n\t\t\t\t<div class=\"elementor-widget-container\">\n\t\t\t\t\t\t\t\t\t<ul><li>No reservations required. Just come on in and let the good times roll!<\/li><li>We only serve seated guests. Standing in the bar would make it too crowded and impact the experience. Sit back, relax, and enjoy!<\/li><li>Please wear proper attire at the bar\u2014nothing fancy, but no flip flops or sandals. Keep it classy, not beachy!<\/li><li>When the bar is full, we may offer you another time to visit. Persuasion, bribes, or threats won\u2019t work\u2014promise!<\/li><li>Please wait to be seated. We\u2019ll offer you the best spots. Barging in is not tolerated.<\/li><li>We work exclusively on table service. Please call your host for anything. Avoid waving; we\u2019ll just wave back!<\/li><li>Have fun, but remember, others might be enjoying a more intimate night. Shhh&#8230;don\u2019t disturb the lovebirds!<\/li><li>Be friendly and tolerant. Treat everyone equally. And remember gentlemen: chivalry isn\u2019t dead!<\/li><li>Drink water, stay hydrated. We don\u2019t serve overly intoxicated guests. And don\u2019t challenge us to a drinking game\u2014you\u2019ll lose!<\/li><li>No smoking inside. Regulations say you can smoke outside, 5 meters away from the entrance.<\/li><li>When sitting at the counter, do not touch the bartenders\u2019 equipment. We\u2019ve had a few close calls with missing fingers!<\/li><li>We may not always have what you want, but we\u2019ll create a drink to amaze you. Please be patient\u2014perfection takes time.<\/li><li>If you\u2019re not pleased with your drink, report it immediately. Complaints after you finish don\u2019t count!<\/li><li>Washrooms are for one purpose only. No funny business. Misbehaviour will result in being asked to leave.<\/li><li>You have the right to enjoy yourself. If anything disturbs you during your visit, let us know.<\/li><li>Paying with card? Please come to the cash register. Our terminal isn\u2019t portable. If someone\u2019s there, wait your turn. Patience, grasshopper!<\/li><\/ul>\t\t\t\t\t\t\t\t<\/div>\n\t\t\t\t<\/div>\n\t\t\t\t<\/div>\n\t\t\t\t<\/div>\n\t\t\t\t<\/div>\n\t\t","protected":false},"excerpt":{"rendered":"<p>Code of conduct No reservations required. Just come on in and let the good times roll! We only serve seated guests. Standing in the bar would make it too crowded and impact the experience. Sit back, relax, and enjoy! Please wear proper attire at the bar\u2014nothing fancy, but no flip flops or sandals. Keep it [&hellip;]<\/p>\n","protected":false},"author":4,"featured_media":0,"parent":0,"menu_order":9,"comment_status":"closed","ping_status":"closed","template":"","meta":{"footnotes":""},"class_list":["post-6605","page","type-page","status-publish","hentry"],"yoast_head":"<!-- This site is optimized with the Yoast SEO plugin v27.3 - https:\/\/yoast.com\/product\/yoast-seo-wordpress\/ -->\n<title>Code of Conduct | Cocktail Bar Budapest \u2013 Speakeasy Drinks &amp; Unique Atmosphere<\/title>\n<meta name=\"robots\" content=\"index, follow, max-snippet:-1, max-image-preview:large, max-video-preview:-1\" \/>\n<link rel=\"canonical\" href=\"https:\/\/hotsytotsy.hu\/hu\/code-of-conduct\/\" \/>\n<meta property=\"og:locale\" content=\"hu_HU\" \/>\n<meta property=\"og:type\" content=\"article\" \/>\n<meta property=\"og:title\" content=\"Code of Conduct | Cocktail Bar Budapest \u2013 Speakeasy Drinks &amp; Unique Atmosphere\" \/>\n<meta property=\"og:description\" content=\"Code of conduct No reservations required. Just come on in and let the good times roll! We only serve seated guests. Standing in the bar would make it too crowded and impact the experience. Sit back, relax, and enjoy! Please wear proper attire at the bar\u2014nothing fancy, but no flip flops or sandals. Keep it [&hellip;]\" \/>\n<meta property=\"og:url\" content=\"https:\/\/hotsytotsy.hu\/hu\/code-of-conduct\/\" \/>\n<meta property=\"og:site_name\" content=\"Cocktail Bar Budapest \u2013 Speakeasy Drinks &amp; Unique Atmosphere\" \/>\n<meta property=\"article:publisher\" content=\"https:\/\/www.facebook.com\/hotobp\/\" \/>\n<meta property=\"article:modified_time\" content=\"2025-12-17T16:19:02+00:00\" \/>\n<meta property=\"og:image\" content=\"https:\/\/hotsytotsy.hu\/wp-content\/uploads\/2025\/10\/hotsy-totsy-over-18-popup.webp\" \/>\n<meta name=\"twitter:card\" content=\"summary_large_image\" \/>\n<meta name=\"twitter:label1\" content=\"Becs\u00fclt olvas\u00e1si id\u0151\" \/>\n\t<meta name=\"twitter:data1\" content=\"2 perc\" \/>\n<script type=\"application\/ld+json\" class=\"yoast-schema-graph\">{\"@context\":\"https:\\\/\\\/schema.org\",\"@graph\":[{\"@type\":\"WebPage\",\"@id\":\"https:\\\/\\\/hotsytotsy.hu\\\/code-of-conduct\\\/\",\"url\":\"https:\\\/\\\/hotsytotsy.hu\\\/code-of-conduct\\\/\",\"name\":\"Code of Conduct | Cocktail Bar Budapest \u2013 Speakeasy Drinks &amp; Unique Atmosphere\",\"isPartOf\":{\"@id\":\"https:\\\/\\\/hotsytotsy.hu\\\/#website\"},\"primaryImageOfPage\":{\"@id\":\"https:\\\/\\\/hotsytotsy.hu\\\/code-of-conduct\\\/#primaryimage\"},\"image\":{\"@id\":\"https:\\\/\\\/hotsytotsy.hu\\\/code-of-conduct\\\/#primaryimage\"},\"thumbnailUrl\":\"https:\\\/\\\/hotsytotsy.hu\\\/wp-content\\\/uploads\\\/2025\\\/10\\\/hotsy-totsy-over-18-popup.webp\",\"datePublished\":\"2025-12-17T14:40:38+00:00\",\"dateModified\":\"2025-12-17T16:19:02+00:00\",\"breadcrumb\":{\"@id\":\"https:\\\/\\\/hotsytotsy.hu\\\/code-of-conduct\\\/#breadcrumb\"},\"inLanguage\":\"hu\",\"potentialAction\":[{\"@type\":\"ReadAction\",\"target\":[\"https:\\\/\\\/hotsytotsy.hu\\\/code-of-conduct\\\/\"]}]},{\"@type\":\"ImageObject\",\"inLanguage\":\"hu\",\"@id\":\"https:\\\/\\\/hotsytotsy.hu\\\/code-of-conduct\\\/#primaryimage\",\"url\":\"https:\\\/\\\/hotsytotsy.hu\\\/wp-content\\\/uploads\\\/2025\\\/10\\\/hotsy-totsy-over-18-popup.webp\",\"contentUrl\":\"https:\\\/\\\/hotsytotsy.hu\\\/wp-content\\\/uploads\\\/2025\\\/10\\\/hotsy-totsy-over-18-popup.webp\"},{\"@type\":\"BreadcrumbList\",\"@id\":\"https:\\\/\\\/hotsytotsy.hu\\\/code-of-conduct\\\/#breadcrumb\",\"itemListElement\":[{\"@type\":\"ListItem\",\"position\":1,\"name\":\"Home\",\"item\":\"https:\\\/\\\/hotsytotsy.hu\\\/\"},{\"@type\":\"ListItem\",\"position\":2,\"name\":\"Code of Conduct\"}]},{\"@type\":\"WebSite\",\"@id\":\"https:\\\/\\\/hotsytotsy.hu\\\/#website\",\"url\":\"https:\\\/\\\/hotsytotsy.hu\\\/\",\"name\":\"Cocktail Bar Budapest \u2013 Speakeasy Drinks & Unique Atmosphere\",\"description\":\"Hotsy Totsy is a hidden speakeasy cocktail bar in Budapest\u2014serving masterfully crafted drinks in a uniquely stylish setting.\",\"publisher\":{\"@id\":\"https:\\\/\\\/hotsytotsy.hu\\\/#organization\"},\"alternateName\":\"Hotsy Totsy Budapest\",\"potentialAction\":[{\"@type\":\"SearchAction\",\"target\":{\"@type\":\"EntryPoint\",\"urlTemplate\":\"https:\\\/\\\/hotsytotsy.hu\\\/?s={search_term_string}\"},\"query-input\":{\"@type\":\"PropertyValueSpecification\",\"valueRequired\":true,\"valueName\":\"search_term_string\"}}],\"inLanguage\":\"hu\"},{\"@type\":\"Organization\",\"@id\":\"https:\\\/\\\/hotsytotsy.hu\\\/#organization\",\"name\":\"Hotsy Totsy Cocktail Bar Budapest\",\"url\":\"https:\\\/\\\/hotsytotsy.hu\\\/\",\"logo\":{\"@type\":\"ImageObject\",\"inLanguage\":\"hu\",\"@id\":\"https:\\\/\\\/hotsytotsy.hu\\\/#\\\/schema\\\/logo\\\/image\\\/\",\"url\":\"https:\\\/\\\/hotsytotsy.hu\\\/wp-content\\\/uploads\\\/2025\\\/02\\\/icon-hotsy-logo-letters.svg\",\"contentUrl\":\"https:\\\/\\\/hotsytotsy.hu\\\/wp-content\\\/uploads\\\/2025\\\/02\\\/icon-hotsy-logo-letters.svg\",\"width\":210,\"height\":303,\"caption\":\"Hotsy Totsy Cocktail Bar Budapest\"},\"image\":{\"@id\":\"https:\\\/\\\/hotsytotsy.hu\\\/#\\\/schema\\\/logo\\\/image\\\/\"},\"sameAs\":[\"https:\\\/\\\/www.facebook.com\\\/hotobp\\\/\",\"https:\\\/\\\/www.instagram.com\\\/hotsytotsybudapest\\\/\",\"https:\\\/\\\/www.youtube.com\\\/@HotsyTotsyBudapest\"]}]}<\/script>\n<!-- \/ Yoast SEO plugin. -->","yoast_head_json":{"title":"Code of Conduct | Cocktail Bar Budapest \u2013 Speakeasy Drinks &amp; Unique Atmosphere","robots":{"index":"index","follow":"follow","max-snippet":"max-snippet:-1","max-image-preview":"max-image-preview:large","max-video-preview":"max-video-preview:-1"},"canonical":"https:\/\/hotsytotsy.hu\/hu\/code-of-conduct\/","og_locale":"hu_HU","og_type":"article","og_title":"Code of Conduct | Cocktail Bar Budapest \u2013 Speakeasy Drinks &amp; Unique Atmosphere","og_description":"Code of conduct No reservations required. Just come on in and let the good times roll! We only serve seated guests. Standing in the bar would make it too crowded and impact the experience. Sit back, relax, and enjoy! Please wear proper attire at the bar\u2014nothing fancy, but no flip flops or sandals. Keep it [&hellip;]","og_url":"https:\/\/hotsytotsy.hu\/hu\/code-of-conduct\/","og_site_name":"Cocktail Bar Budapest \u2013 Speakeasy Drinks &amp; Unique Atmosphere","article_publisher":"https:\/\/www.facebook.com\/hotobp\/","article_modified_time":"2025-12-17T16:19:02+00:00","og_image":[{"url":"https:\/\/hotsytotsy.hu\/wp-content\/uploads\/2025\/10\/hotsy-totsy-over-18-popup.webp","type":"","width":"","height":""}],"twitter_card":"summary_large_image","twitter_misc":{"Becs\u00fclt olvas\u00e1si id\u0151":"2 perc"},"schema":{"@context":"https:\/\/schema.org","@graph":[{"@type":"WebPage","@id":"https:\/\/hotsytotsy.hu\/code-of-conduct\/","url":"https:\/\/hotsytotsy.hu\/code-of-conduct\/","name":"Code of Conduct | Cocktail Bar Budapest \u2013 Speakeasy Drinks &amp; Unique Atmosphere","isPartOf":{"@id":"https:\/\/hotsytotsy.hu\/#website"},"primaryImageOfPage":{"@id":"https:\/\/hotsytotsy.hu\/code-of-conduct\/#primaryimage"},"image":{"@id":"https:\/\/hotsytotsy.hu\/code-of-conduct\/#primaryimage"},"thumbnailUrl":"https:\/\/hotsytotsy.hu\/wp-content\/uploads\/2025\/10\/hotsy-totsy-over-18-popup.webp","datePublished":"2025-12-17T14:40:38+00:00","dateModified":"2025-12-17T16:19:02+00:00","breadcrumb":{"@id":"https:\/\/hotsytotsy.hu\/code-of-conduct\/#breadcrumb"},"inLanguage":"hu","potentialAction":[{"@type":"ReadAction","target":["https:\/\/hotsytotsy.hu\/code-of-conduct\/"]}]},{"@type":"ImageObject","inLanguage":"hu","@id":"https:\/\/hotsytotsy.hu\/code-of-conduct\/#primaryimage","url":"https:\/\/hotsytotsy.hu\/wp-content\/uploads\/2025\/10\/hotsy-totsy-over-18-popup.webp","contentUrl":"https:\/\/hotsytotsy.hu\/wp-content\/uploads\/2025\/10\/hotsy-totsy-over-18-popup.webp"},{"@type":"BreadcrumbList","@id":"https:\/\/hotsytotsy.hu\/code-of-conduct\/#breadcrumb","itemListElement":[{"@type":"ListItem","position":1,"name":"Home","item":"https:\/\/hotsytotsy.hu\/"},{"@type":"ListItem","position":2,"name":"Code of Conduct"}]},{"@type":"WebSite","@id":"https:\/\/hotsytotsy.hu\/#website","url":"https:\/\/hotsytotsy.hu\/","name":"Budapesti kokt\u00e9lb\u00e1r \u2013 Speakeasy italok \u00e9s hangulat","description":"Hotsy Totsy is a hidden speakeasy cocktail bar in Budapest\u2014serving masterfully crafted drinks in a uniquely stylish setting.","publisher":{"@id":"https:\/\/hotsytotsy.hu\/#organization"},"alternateName":"Hotsy Totsy Budapest","potentialAction":[{"@type":"SearchAction","target":{"@type":"EntryPoint","urlTemplate":"https:\/\/hotsytotsy.hu\/?s={search_term_string}"},"query-input":{"@type":"PropertyValueSpecification","valueRequired":true,"valueName":"search_term_string"}}],"inLanguage":"hu"},{"@type":"Organization","@id":"https:\/\/hotsytotsy.hu\/#organization","name":"Hotsy Totsy Cocktail Bar Budapest","url":"https:\/\/hotsytotsy.hu\/","logo":{"@type":"ImageObject","inLanguage":"hu","@id":"https:\/\/hotsytotsy.hu\/#\/schema\/logo\/image\/","url":"https:\/\/hotsytotsy.hu\/wp-content\/uploads\/2025\/02\/icon-hotsy-logo-letters.svg","contentUrl":"https:\/\/hotsytotsy.hu\/wp-content\/uploads\/2025\/02\/icon-hotsy-logo-letters.svg","width":210,"height":303,"caption":"Hotsy Totsy Cocktail Bar Budapest"},"image":{"@id":"https:\/\/hotsytotsy.hu\/#\/schema\/logo\/image\/"},"sameAs":["https:\/\/www.facebook.com\/hotobp\/","https:\/\/www.instagram.com\/hotsytotsybudapest\/","https:\/\/www.youtube.com\/@HotsyTotsyBudapest"]}]}},"_links":{"self":[{"href":"https:\/\/hotsytotsy.hu\/hu\/wp-json\/wp\/v2\/pages\/6605","targetHints":{"allow":["GET"]}}],"collection":[{"href":"https:\/\/hotsytotsy.hu\/hu\/wp-json\/wp\/v2\/pages"}],"about":[{"href":"https:\/\/hotsytotsy.hu\/hu\/wp-json\/wp\/v2\/types\/page"}],"author":[{"embeddable":true,"href":"https:\/\/hotsytotsy.hu\/hu\/wp-json\/wp\/v2\/users\/4"}],"replies":[{"embeddable":true,"href":"https:\/\/hotsytotsy.hu\/hu\/wp-json\/wp\/v2\/comments?post=6605"}],"version-history":[{"count":67,"href":"https:\/\/hotsytotsy.hu\/hu\/wp-json\/wp\/v2\/pages\/6605\/revisions"}],"predecessor-version":[{"id":6684,"href":"https:\/\/hotsytotsy.hu\/hu\/wp-json\/wp\/v2\/pages\/6605\/revisions\/6684"}],"wp:attachment":[{"href":"https:\/\/hotsytotsy.hu\/hu\/wp-json\/wp\/v2\/media?parent=6605"}],"curies":[{"name":"wp","href":"https:\/\/api.w.org\/{rel}","templated":true}]}}