{"id":3290,"date":"2025-03-25T13:04:03","date_gmt":"2025-03-25T12:04:03","guid":{"rendered":"https:\/\/hotsytotsy.hu\/?page_id=3290"},"modified":"2025-08-04T15:08:37","modified_gmt":"2025-08-04T14:08:37","slug":"hudson-street-lager-beer","status":"publish","type":"page","link":"https:\/\/hotsytotsy.hu\/hu\/hudson-street-lager-beer\/","title":{"rendered":"Hudson Street Lager Beer"},"content":{"rendered":"\t\t<div data-elementor-type=\"wp-page\" data-elementor-id=\"3290\" class=\"elementor elementor-3290\" data-elementor-post-type=\"page\">\n\t\t\t\t<div class=\"elementor-element elementor-element-b76df0c e-con-full e-flex e-con e-parent\" data-id=\"b76df0c\" data-element_type=\"container\" data-e-type=\"container\" data-settings=\"{&quot;background_background&quot;:&quot;classic&quot;}\">\n\t\t<div class=\"elementor-element elementor-element-b15929b e-con-full e-flex e-con e-child\" data-id=\"b15929b\" data-element_type=\"container\" data-e-type=\"container\" data-settings=\"{&quot;background_background&quot;:&quot;classic&quot;}\">\n\t\t\t\t<div class=\"elementor-element elementor-element-2b5cce5 elementor-widget elementor-widget-heading\" data-id=\"2b5cce5\" data-element_type=\"widget\" data-e-type=\"widget\" data-widget_type=\"heading.default\">\n\t\t\t\t<div class=\"elementor-widget-container\">\n\t\t\t\t\t<h1 class=\"elementor-heading-title elementor-size-default\">Hudson Street<br>Lager Beer<\/h1>\t\t\t\t<\/div>\n\t\t\t\t<\/div>\n\t\t\t\t<div class=\"elementor-element elementor-element-d0d94a9 elementor-widget elementor-widget-text-editor\" data-id=\"d0d94a9\" data-element_type=\"widget\" data-e-type=\"widget\" data-widget_type=\"text-editor.default\">\n\t\t\t\t<div class=\"elementor-widget-container\">\n\t\t\t\t\t\t\t\t\t<div class=\"uk-panel uk-text-lead uk-margin\"><p>Introducing Hudson Street Lager Beer, a true masterpiece crafted by Hotsy Totsy. This exceptional lager is brewed with dedication and a keen eye for detail.<\/p><p>Hudson Street Lager Beer offers a delightful blend of malt and hops, resulting in a crisp, refreshing flavor profile with hints of caramel and citrus. This well-balanced lager delivers a smooth and satisfying taste that sets it apart from the ordinary.<\/p><p>Our expert brewers have poured their expertise and passion into creating this unique beer, ensuring every bottle embodies the high standards and innovative spirit of Hotsy Totsy. Available exclusively at our bar, Hudson Street Lager Beer is a must-try for all beer enthusiasts and connoisseurs.<\/p><\/div>\t\t\t\t\t\t\t\t<\/div>\n\t\t\t\t<\/div>\n\t\t\t\t<\/div>\n\t\t<div class=\"elementor-element elementor-element-cae82a6 e-con-full e-flex e-con e-child\" data-id=\"cae82a6\" data-element_type=\"container\" data-e-type=\"container\" data-settings=\"{&quot;background_background&quot;:&quot;slideshow&quot;,&quot;background_slideshow_gallery&quot;:[{&quot;id&quot;:1954,&quot;url&quot;:&quot;https:\\\/\\\/hotsytotsy.hu\\\/wp-content\\\/uploads\\\/2025\\\/03\\\/hudson-street-lager-beer-1-f126ce7a.webp&quot;},{&quot;id&quot;:1955,&quot;url&quot;:&quot;https:\\\/\\\/hotsytotsy.hu\\\/wp-content\\\/uploads\\\/2025\\\/03\\\/hudson-street-lager-beer-2-9ca03d20.webp&quot;},{&quot;id&quot;:1956,&quot;url&quot;:&quot;https:\\\/\\\/hotsytotsy.hu\\\/wp-content\\\/uploads\\\/2025\\\/03\\\/hudson-street-lager-beer-3-b8226c16.webp&quot;}],&quot;background_slideshow_ken_burns&quot;:&quot;yes&quot;,&quot;background_slideshow_loop&quot;:&quot;yes&quot;,&quot;background_slideshow_slide_duration&quot;:5000,&quot;background_slideshow_slide_transition&quot;:&quot;fade&quot;,&quot;background_slideshow_transition_duration&quot;:500,&quot;background_slideshow_ken_burns_zoom_direction&quot;:&quot;in&quot;}\">\n\t\t\t\t<\/div>\n\t\t\t\t<\/div>\n\t\t<div class=\"elementor-element elementor-element-aace581 e-flex e-con-boxed e-con e-parent\" data-id=\"aace581\" data-element_type=\"container\" data-e-type=\"container\" data-settings=\"{&quot;background_background&quot;:&quot;classic&quot;}\">\n\t\t\t\t\t<div class=\"e-con-inner\">\n\t\t<div class=\"elementor-element elementor-element-c10c440 e-con-full e-flex e-con e-child\" data-id=\"c10c440\" data-element_type=\"container\" data-e-type=\"container\" data-settings=\"{&quot;background_background&quot;:&quot;slideshow&quot;,&quot;background_slideshow_gallery&quot;:[{&quot;id&quot;:1956,&quot;url&quot;:&quot;https:\\\/\\\/hotsytotsy.hu\\\/wp-content\\\/uploads\\\/2025\\\/03\\\/hudson-street-lager-beer-3-b8226c16.webp&quot;}],&quot;background_slideshow_ken_burns&quot;:&quot;yes&quot;,&quot;background_slideshow_loop&quot;:&quot;yes&quot;,&quot;background_slideshow_slide_duration&quot;:5000,&quot;background_slideshow_slide_transition&quot;:&quot;fade&quot;,&quot;background_slideshow_transition_duration&quot;:500,&quot;background_slideshow_ken_burns_zoom_direction&quot;:&quot;in&quot;}\">\n\t\t\t\t<\/div>\n\t\t<div class=\"elementor-element elementor-element-3baa0ea e-con-full e-flex e-con e-child\" data-id=\"3baa0ea\" data-element_type=\"container\" data-e-type=\"container\">\n\t\t\t\t<div class=\"elementor-element elementor-element-d565fe5 elementor-widget elementor-widget-heading\" data-id=\"d565fe5\" data-element_type=\"widget\" data-e-type=\"widget\" data-widget_type=\"heading.default\">\n\t\t\t\t<div class=\"elementor-widget-container\">\n\t\t\t\t\t<h2 class=\"elementor-heading-title elementor-size-default\">A Perfect Brew for Every Occasion<\/h2>\t\t\t\t<\/div>\n\t\t\t\t<\/div>\n\t\t\t\t<div class=\"elementor-element elementor-element-0619bdd elementor-widget elementor-widget-text-editor\" data-id=\"0619bdd\" data-element_type=\"widget\" data-e-type=\"widget\" data-widget_type=\"text-editor.default\">\n\t\t\t\t<div class=\"elementor-widget-container\">\n\t\t\t\t\t\t\t\t\t<div class=\"uk-panel uk-text-lead uk-margin-medium uk-margin-remove-top\"><p>Hudson Street Lager Beer, brewed exclusively by Hotsy Totsy, is the perfect addition to any gathering. Whether you&#8217;re entertaining guests, unwinding after a long day, or simply looking for a refreshing drink, Hudson Street Lager Beer offers a crisp and satisfying flavor that suits any occasion.<\/p><p>In addition to its standalone excellence, Hudson Street Lager Beer is also available as part of our exclusive Hotsy Box. The Hotsy Box includes two bottles of Hudson Street Lager Beer, a bottle of Duster&#8217;s Punch Gin, two bottles of The London Essence Original Indian Tonic Water, and selected spices to craft the perfect gin &amp; tonic. Visit Hotsy Totsy to purchase your bottle or the Hotsy Box today!<\/p><\/div>\t\t\t\t\t\t\t\t<\/div>\n\t\t\t\t<\/div>\n\t\t<div class=\"elementor-element elementor-element-ced9e23 e-con-full e-flex e-con e-child\" data-id=\"ced9e23\" data-element_type=\"container\" data-e-type=\"container\">\n\t\t\t\t<div class=\"elementor-element elementor-element-25139bd elementor-widget elementor-widget-counter\" data-id=\"25139bd\" data-element_type=\"widget\" data-e-type=\"widget\" data-widget_type=\"counter.default\">\n\t\t\t\t<div class=\"elementor-widget-container\">\n\t\t\t\t\t\t\t<div class=\"elementor-counter\">\n\t\t\t<div class=\"elementor-counter-title\">Alcohol by Volume<\/div>\t\t\t<div class=\"elementor-counter-number-wrapper\">\n\t\t\t\t<span class=\"elementor-counter-number-prefix\"><\/span>\n\t\t\t\t<span class=\"elementor-counter-number\" data-duration=\"1000\" data-to-value=\"4.8\" data-from-value=\"1\" data-delimiter=\",\">1<\/span>\n\t\t\t\t<span class=\"elementor-counter-number-suffix\"><sup> %<\/sup><\/span>\n\t\t\t<\/div>\n\t\t<\/div>\n\t\t\t\t\t\t<\/div>\n\t\t\t\t<\/div>\n\t\t\t\t<div class=\"elementor-element elementor-element-f1ed543 elementor-widget elementor-widget-counter\" data-id=\"f1ed543\" data-element_type=\"widget\" data-e-type=\"widget\" data-widget_type=\"counter.default\">\n\t\t\t\t<div class=\"elementor-widget-container\">\n\t\t\t\t\t\t\t<div class=\"elementor-counter\">\n\t\t\t<div class=\"elementor-counter-title\">Fluid Volume<\/div>\t\t\t<div class=\"elementor-counter-number-wrapper\">\n\t\t\t\t<span class=\"elementor-counter-number-prefix\"><\/span>\n\t\t\t\t<span class=\"elementor-counter-number\" data-duration=\"2000\" data-to-value=\"330\" data-from-value=\"110\" data-delimiter=\",\">110<\/span>\n\t\t\t\t<span class=\"elementor-counter-number-suffix\"><sup> ml<\/sup><\/span>\n\t\t\t<\/div>\n\t\t<\/div>\n\t\t\t\t\t\t<\/div>\n\t\t\t\t<\/div>\n\t\t\t\t<\/div>\n\t\t<div class=\"elementor-element elementor-element-f4d1dc4 e-con-full e-flex e-con e-child\" data-id=\"f4d1dc4\" data-element_type=\"container\" data-e-type=\"container\">\n\t\t\t\t<div class=\"elementor-element elementor-element-ac9d255 elementor-widget__width-auto elementor-align-left elementor-mobile-align-left elementor-widget elementor-widget-button\" data-id=\"ac9d255\" data-element_type=\"widget\" data-e-type=\"widget\" data-widget_type=\"button.default\">\n\t\t\t\t<div class=\"elementor-widget-container\">\n\t\t\t\t\t\t\t\t\t<div class=\"elementor-button-wrapper\">\n\t\t\t\t\t<a class=\"elementor-button elementor-button-link elementor-size-sm\" href=\"https:\/\/hotsytotsy.hu\/contact\/\">\n\t\t\t\t\t\t<span class=\"elementor-button-content-wrapper\">\n\t\t\t\t\t\t\t\t\t<span class=\"elementor-button-text\">I need it!<\/span>\n\t\t\t\t\t<\/span>\n\t\t\t\t\t<\/a>\n\t\t\t\t<\/div>\n\t\t\t\t\t\t\t\t<\/div>\n\t\t\t\t<\/div>\n\t\t\t\t<div class=\"elementor-element elementor-element-7c03e04 elementor-widget__width-auto elementor-align-left elementor-mobile-align-left elementor-widget elementor-widget-button\" data-id=\"7c03e04\" data-element_type=\"widget\" data-e-type=\"widget\" data-widget_type=\"button.default\">\n\t\t\t\t<div class=\"elementor-widget-container\">\n\t\t\t\t\t\t\t\t\t<div class=\"elementor-button-wrapper\">\n\t\t\t\t\t<a class=\"elementor-button elementor-button-link elementor-size-sm\" href=\"https:\/\/hotsytotsy.hu\/dusters-punch\/\">\n\t\t\t\t\t\t<span class=\"elementor-button-content-wrapper\">\n\t\t\t\t\t\t\t\t\t<span class=\"elementor-button-text\">Gin? Yes, Please!<\/span>\n\t\t\t\t\t<\/span>\n\t\t\t\t\t<\/a>\n\t\t\t\t<\/div>\n\t\t\t\t\t\t\t\t<\/div>\n\t\t\t\t<\/div>\n\t\t\t\t<\/div>\n\t\t\t\t<\/div>\n\t\t\t\t\t<\/div>\n\t\t\t\t<\/div>\n\t\t\t\t<\/div>\n\t\t","protected":false},"excerpt":{"rendered":"<p>Hudson StreetLager Beer Introducing Hudson Street Lager Beer, a true masterpiece crafted by Hotsy Totsy. This exceptional lager is brewed with dedication and a keen eye for detail. Hudson Street Lager Beer offers a delightful blend of malt and hops, resulting in a crisp, refreshing flavor profile with hints of caramel and citrus. This well-balanced [&hellip;]<\/p>\n","protected":false},"author":2,"featured_media":1955,"parent":0,"menu_order":11,"comment_status":"closed","ping_status":"closed","template":"","meta":{"footnotes":""},"class_list":["post-3290","page","type-page","status-publish","has-post-thumbnail","hentry"],"yoast_head":"<!-- This site is optimized with the Yoast SEO plugin v27.4 - https:\/\/yoast.com\/product\/yoast-seo-wordpress\/ -->\n<title>Hudson Street Lager \u2013 Craft Beer at Hotsy Totsy Budapest<\/title>\n<meta name=\"description\" content=\"Try Hudson Street Lager\u2014our exclusive house craft beer, brewed for easy sipping and full flavor. Only available at Hotsy Totsy Budapest.\" \/>\n<meta name=\"robots\" content=\"index, follow, max-snippet:-1, max-image-preview:large, max-video-preview:-1\" \/>\n<link rel=\"canonical\" href=\"https:\/\/hotsytotsy.hu\/hu\/hudson-street-lager-beer\/\" \/>\n<meta property=\"og:locale\" content=\"hu_HU\" \/>\n<meta property=\"og:type\" content=\"article\" \/>\n<meta property=\"og:title\" content=\"Hudson Street Lager \u2013 Craft Beer at Hotsy Totsy Budapest\" \/>\n<meta property=\"og:description\" content=\"Try Hudson Street Lager\u2014our exclusive house craft beer, brewed for easy sipping and full flavor. Only available at Hotsy Totsy Budapest.\" \/>\n<meta property=\"og:url\" content=\"https:\/\/hotsytotsy.hu\/hu\/hudson-street-lager-beer\/\" \/>\n<meta property=\"og:site_name\" content=\"Cocktail Bar Budapest \u2013 Speakeasy Drinks &amp; Unique Atmosphere\" \/>\n<meta property=\"article:publisher\" content=\"https:\/\/www.facebook.com\/hotobp\/\" \/>\n<meta property=\"article:modified_time\" content=\"2025-08-04T14:08:37+00:00\" \/>\n<meta property=\"og:image\" content=\"https:\/\/hotsytotsy.hu\/wp-content\/uploads\/2025\/03\/hudson-street-lager-beer-2-9ca03d20.webp\" \/>\n\t<meta property=\"og:image:width\" content=\"1500\" \/>\n\t<meta property=\"og:image:height\" content=\"1500\" \/>\n\t<meta property=\"og:image:type\" content=\"image\/webp\" \/>\n<meta name=\"twitter:card\" content=\"summary_large_image\" \/>\n<meta name=\"twitter:label1\" content=\"Becs\u00fclt olvas\u00e1si id\u0151\" \/>\n\t<meta name=\"twitter:data1\" content=\"2 perc\" \/>\n<script type=\"application\/ld+json\" class=\"yoast-schema-graph\">{\"@context\":\"https:\\\/\\\/schema.org\",\"@graph\":[{\"@type\":\"WebPage\",\"@id\":\"https:\\\/\\\/hotsytotsy.hu\\\/hudson-street-lager-beer\\\/\",\"url\":\"https:\\\/\\\/hotsytotsy.hu\\\/hudson-street-lager-beer\\\/\",\"name\":\"Hudson Street Lager \u2013 Craft Beer at Hotsy Totsy Budapest\",\"isPartOf\":{\"@id\":\"https:\\\/\\\/hotsytotsy.hu\\\/#website\"},\"primaryImageOfPage\":{\"@id\":\"https:\\\/\\\/hotsytotsy.hu\\\/hudson-street-lager-beer\\\/#primaryimage\"},\"image\":{\"@id\":\"https:\\\/\\\/hotsytotsy.hu\\\/hudson-street-lager-beer\\\/#primaryimage\"},\"thumbnailUrl\":\"https:\\\/\\\/hotsytotsy.hu\\\/wp-content\\\/uploads\\\/2025\\\/03\\\/hudson-street-lager-beer-2-9ca03d20.webp\",\"datePublished\":\"2025-03-25T12:04:03+00:00\",\"dateModified\":\"2025-08-04T14:08:37+00:00\",\"description\":\"Try Hudson Street Lager\u2014our exclusive house craft beer, brewed for easy sipping and full flavor. Only available at Hotsy Totsy Budapest.\",\"breadcrumb\":{\"@id\":\"https:\\\/\\\/hotsytotsy.hu\\\/hudson-street-lager-beer\\\/#breadcrumb\"},\"inLanguage\":\"hu\",\"potentialAction\":[{\"@type\":\"ReadAction\",\"target\":[\"https:\\\/\\\/hotsytotsy.hu\\\/hudson-street-lager-beer\\\/\"]}]},{\"@type\":\"ImageObject\",\"inLanguage\":\"hu\",\"@id\":\"https:\\\/\\\/hotsytotsy.hu\\\/hudson-street-lager-beer\\\/#primaryimage\",\"url\":\"https:\\\/\\\/hotsytotsy.hu\\\/wp-content\\\/uploads\\\/2025\\\/03\\\/hudson-street-lager-beer-2-9ca03d20.webp\",\"contentUrl\":\"https:\\\/\\\/hotsytotsy.hu\\\/wp-content\\\/uploads\\\/2025\\\/03\\\/hudson-street-lager-beer-2-9ca03d20.webp\",\"width\":1500,\"height\":1500},{\"@type\":\"BreadcrumbList\",\"@id\":\"https:\\\/\\\/hotsytotsy.hu\\\/hudson-street-lager-beer\\\/#breadcrumb\",\"itemListElement\":[{\"@type\":\"ListItem\",\"position\":1,\"name\":\"Home\",\"item\":\"https:\\\/\\\/hotsytotsy.hu\\\/\"},{\"@type\":\"ListItem\",\"position\":2,\"name\":\"Hudson Street Lager Beer\"}]},{\"@type\":\"WebSite\",\"@id\":\"https:\\\/\\\/hotsytotsy.hu\\\/#website\",\"url\":\"https:\\\/\\\/hotsytotsy.hu\\\/\",\"name\":\"Cocktail Bar Budapest \u2013 Speakeasy Drinks & Unique Atmosphere\",\"description\":\"Hotsy Totsy is a hidden speakeasy cocktail bar in Budapest\u2014serving masterfully crafted drinks in a uniquely stylish setting.\",\"publisher\":{\"@id\":\"https:\\\/\\\/hotsytotsy.hu\\\/#organization\"},\"alternateName\":\"Hotsy Totsy Budapest\",\"potentialAction\":[{\"@type\":\"SearchAction\",\"target\":{\"@type\":\"EntryPoint\",\"urlTemplate\":\"https:\\\/\\\/hotsytotsy.hu\\\/?s={search_term_string}\"},\"query-input\":{\"@type\":\"PropertyValueSpecification\",\"valueRequired\":true,\"valueName\":\"search_term_string\"}}],\"inLanguage\":\"hu\"},{\"@type\":\"Organization\",\"@id\":\"https:\\\/\\\/hotsytotsy.hu\\\/#organization\",\"name\":\"Hotsy Totsy Cocktail Bar Budapest\",\"url\":\"https:\\\/\\\/hotsytotsy.hu\\\/\",\"logo\":{\"@type\":\"ImageObject\",\"inLanguage\":\"hu\",\"@id\":\"https:\\\/\\\/hotsytotsy.hu\\\/#\\\/schema\\\/logo\\\/image\\\/\",\"url\":\"https:\\\/\\\/hotsytotsy.hu\\\/wp-content\\\/uploads\\\/2025\\\/02\\\/icon-hotsy-logo-letters.svg\",\"contentUrl\":\"https:\\\/\\\/hotsytotsy.hu\\\/wp-content\\\/uploads\\\/2025\\\/02\\\/icon-hotsy-logo-letters.svg\",\"width\":210,\"height\":303,\"caption\":\"Hotsy Totsy Cocktail Bar Budapest\"},\"image\":{\"@id\":\"https:\\\/\\\/hotsytotsy.hu\\\/#\\\/schema\\\/logo\\\/image\\\/\"},\"sameAs\":[\"https:\\\/\\\/www.facebook.com\\\/hotobp\\\/\",\"https:\\\/\\\/www.instagram.com\\\/hotsytotsybudapest\\\/\",\"https:\\\/\\\/www.youtube.com\\\/@HotsyTotsyBudapest\"]}]}<\/script>\n<!-- \/ Yoast SEO plugin. -->","yoast_head_json":{"title":"Hudson Street Lager \u2013 Craft Beer at Hotsy Totsy Budapest","description":"Try Hudson Street Lager\u2014our exclusive house craft beer, brewed for easy sipping and full flavor. Only available at Hotsy Totsy Budapest.","robots":{"index":"index","follow":"follow","max-snippet":"max-snippet:-1","max-image-preview":"max-image-preview:large","max-video-preview":"max-video-preview:-1"},"canonical":"https:\/\/hotsytotsy.hu\/hu\/hudson-street-lager-beer\/","og_locale":"hu_HU","og_type":"article","og_title":"Hudson Street Lager \u2013 Craft Beer at Hotsy Totsy Budapest","og_description":"Try Hudson Street Lager\u2014our exclusive house craft beer, brewed for easy sipping and full flavor. Only available at Hotsy Totsy Budapest.","og_url":"https:\/\/hotsytotsy.hu\/hu\/hudson-street-lager-beer\/","og_site_name":"Cocktail Bar Budapest \u2013 Speakeasy Drinks &amp; Unique Atmosphere","article_publisher":"https:\/\/www.facebook.com\/hotobp\/","article_modified_time":"2025-08-04T14:08:37+00:00","og_image":[{"width":1500,"height":1500,"url":"https:\/\/hotsytotsy.hu\/wp-content\/uploads\/2025\/03\/hudson-street-lager-beer-2-9ca03d20.webp","type":"image\/webp"}],"twitter_card":"summary_large_image","twitter_misc":{"Becs\u00fclt olvas\u00e1si id\u0151":"2 perc"},"schema":{"@context":"https:\/\/schema.org","@graph":[{"@type":"WebPage","@id":"https:\/\/hotsytotsy.hu\/hudson-street-lager-beer\/","url":"https:\/\/hotsytotsy.hu\/hudson-street-lager-beer\/","name":"Hudson Street Lager \u2013 Craft Beer at Hotsy Totsy Budapest","isPartOf":{"@id":"https:\/\/hotsytotsy.hu\/#website"},"primaryImageOfPage":{"@id":"https:\/\/hotsytotsy.hu\/hudson-street-lager-beer\/#primaryimage"},"image":{"@id":"https:\/\/hotsytotsy.hu\/hudson-street-lager-beer\/#primaryimage"},"thumbnailUrl":"https:\/\/hotsytotsy.hu\/wp-content\/uploads\/2025\/03\/hudson-street-lager-beer-2-9ca03d20.webp","datePublished":"2025-03-25T12:04:03+00:00","dateModified":"2025-08-04T14:08:37+00:00","description":"Try Hudson Street Lager\u2014our exclusive house craft beer, brewed for easy sipping and full flavor. Only available at Hotsy Totsy Budapest.","breadcrumb":{"@id":"https:\/\/hotsytotsy.hu\/hudson-street-lager-beer\/#breadcrumb"},"inLanguage":"hu","potentialAction":[{"@type":"ReadAction","target":["https:\/\/hotsytotsy.hu\/hudson-street-lager-beer\/"]}]},{"@type":"ImageObject","inLanguage":"hu","@id":"https:\/\/hotsytotsy.hu\/hudson-street-lager-beer\/#primaryimage","url":"https:\/\/hotsytotsy.hu\/wp-content\/uploads\/2025\/03\/hudson-street-lager-beer-2-9ca03d20.webp","contentUrl":"https:\/\/hotsytotsy.hu\/wp-content\/uploads\/2025\/03\/hudson-street-lager-beer-2-9ca03d20.webp","width":1500,"height":1500},{"@type":"BreadcrumbList","@id":"https:\/\/hotsytotsy.hu\/hudson-street-lager-beer\/#breadcrumb","itemListElement":[{"@type":"ListItem","position":1,"name":"Home","item":"https:\/\/hotsytotsy.hu\/"},{"@type":"ListItem","position":2,"name":"Hudson Street Lager Beer"}]},{"@type":"WebSite","@id":"https:\/\/hotsytotsy.hu\/#website","url":"https:\/\/hotsytotsy.hu\/","name":"Budapesti kokt\u00e9lb\u00e1r \u2013 Speakeasy italok \u00e9s hangulat","description":"Hotsy Totsy is a hidden speakeasy cocktail bar in Budapest\u2014serving masterfully crafted drinks in a uniquely stylish setting.","publisher":{"@id":"https:\/\/hotsytotsy.hu\/#organization"},"alternateName":"Hotsy Totsy Budapest","potentialAction":[{"@type":"SearchAction","target":{"@type":"EntryPoint","urlTemplate":"https:\/\/hotsytotsy.hu\/?s={search_term_string}"},"query-input":{"@type":"PropertyValueSpecification","valueRequired":true,"valueName":"search_term_string"}}],"inLanguage":"hu"},{"@type":"Organization","@id":"https:\/\/hotsytotsy.hu\/#organization","name":"Hotsy Totsy Cocktail Bar Budapest","url":"https:\/\/hotsytotsy.hu\/","logo":{"@type":"ImageObject","inLanguage":"hu","@id":"https:\/\/hotsytotsy.hu\/#\/schema\/logo\/image\/","url":"https:\/\/hotsytotsy.hu\/wp-content\/uploads\/2025\/02\/icon-hotsy-logo-letters.svg","contentUrl":"https:\/\/hotsytotsy.hu\/wp-content\/uploads\/2025\/02\/icon-hotsy-logo-letters.svg","width":210,"height":303,"caption":"Hotsy Totsy Cocktail Bar Budapest"},"image":{"@id":"https:\/\/hotsytotsy.hu\/#\/schema\/logo\/image\/"},"sameAs":["https:\/\/www.facebook.com\/hotobp\/","https:\/\/www.instagram.com\/hotsytotsybudapest\/","https:\/\/www.youtube.com\/@HotsyTotsyBudapest"]}]}},"_links":{"self":[{"href":"https:\/\/hotsytotsy.hu\/hu\/wp-json\/wp\/v2\/pages\/3290","targetHints":{"allow":["GET"]}}],"collection":[{"href":"https:\/\/hotsytotsy.hu\/hu\/wp-json\/wp\/v2\/pages"}],"about":[{"href":"https:\/\/hotsytotsy.hu\/hu\/wp-json\/wp\/v2\/types\/page"}],"author":[{"embeddable":true,"href":"https:\/\/hotsytotsy.hu\/hu\/wp-json\/wp\/v2\/users\/2"}],"replies":[{"embeddable":true,"href":"https:\/\/hotsytotsy.hu\/hu\/wp-json\/wp\/v2\/comments?post=3290"}],"version-history":[{"count":3,"href":"https:\/\/hotsytotsy.hu\/hu\/wp-json\/wp\/v2\/pages\/3290\/revisions"}],"predecessor-version":[{"id":5306,"href":"https:\/\/hotsytotsy.hu\/hu\/wp-json\/wp\/v2\/pages\/3290\/revisions\/5306"}],"wp:featuredmedia":[{"embeddable":true,"href":"https:\/\/hotsytotsy.hu\/hu\/wp-json\/wp\/v2\/media\/1955"}],"wp:attachment":[{"href":"https:\/\/hotsytotsy.hu\/hu\/wp-json\/wp\/v2\/media?parent=3290"}],"curies":[{"name":"wp","href":"https:\/\/api.w.org\/{rel}","templated":true}]}}