{"id":3097,"date":"2025-03-24T22:48:02","date_gmt":"2025-03-24T21:48:02","guid":{"rendered":"https:\/\/hotsytotsy.hu\/?page_id=3097"},"modified":"2025-08-04T15:07:57","modified_gmt":"2025-08-04T14:07:57","slug":"dusters-punch","status":"publish","type":"page","link":"https:\/\/hotsytotsy.hu\/hu\/dusters-punch\/","title":{"rendered":"Duster&#8217;s Punch"},"content":{"rendered":"\t\t<div data-elementor-type=\"wp-page\" data-elementor-id=\"3097\" class=\"elementor elementor-3097\" data-elementor-post-type=\"page\">\n\t\t\t\t<div class=\"elementor-element elementor-element-fd61043 e-con-full e-flex e-con e-parent\" data-id=\"fd61043\" data-element_type=\"container\" data-e-type=\"container\" data-settings=\"{&quot;background_background&quot;:&quot;classic&quot;}\">\n\t\t<div class=\"elementor-element elementor-element-036bba4 e-con-full e-flex e-con e-child\" data-id=\"036bba4\" data-element_type=\"container\" data-e-type=\"container\" data-settings=\"{&quot;background_background&quot;:&quot;classic&quot;}\">\n\t\t\t\t<div class=\"elementor-element elementor-element-842e18f elementor-widget elementor-widget-heading\" data-id=\"842e18f\" data-element_type=\"widget\" data-e-type=\"widget\" data-widget_type=\"heading.default\">\n\t\t\t\t<div class=\"elementor-widget-container\">\n\t\t\t\t\t<h1 class=\"elementor-heading-title elementor-size-default\">Duster's<br>Punch<\/h1>\t\t\t\t<\/div>\n\t\t\t\t<\/div>\n\t\t\t\t<div class=\"elementor-element elementor-element-e12014c elementor-widget elementor-widget-text-editor\" data-id=\"e12014c\" data-element_type=\"widget\" data-e-type=\"widget\" data-widget_type=\"text-editor.default\">\n\t\t\t\t<div class=\"elementor-widget-container\">\n\t\t\t\t\t\t\t\t\t<div class=\"uk-panel uk-text-lead uk-margin\"><p>The pride and joy of Hotsy Totsy. This exceptional gin is our very own creation, crafted with meticulous care and a passion for excellence.<\/p><p>Duster&#8217;s Punch Gin features a harmonious blend of botanicals, including juniper, coriander, angelica root, citrus peels, and a touch of spice. The result is a smooth, aromatic gin that stands out from the rest.<\/p><p>Our master bartenders have put their hearts into creating this gin, ensuring each bottle reflects the quality and creativity Hotsy Totsy is known for. Available exclusively at Hotsy Totsy, this gin is a must-try for enthusiasts and cocktail lovers.<\/p><\/div>\t\t\t\t\t\t\t\t<\/div>\n\t\t\t\t<\/div>\n\t\t\t\t<\/div>\n\t\t<div class=\"elementor-element elementor-element-a97b319 e-con-full e-flex e-con e-child\" data-id=\"a97b319\" data-element_type=\"container\" data-e-type=\"container\" data-settings=\"{&quot;background_background&quot;:&quot;slideshow&quot;,&quot;background_slideshow_gallery&quot;:[{&quot;id&quot;:1953,&quot;url&quot;:&quot;https:\\\/\\\/hotsytotsy.hu\\\/wp-content\\\/uploads\\\/2025\\\/03\\\/dusters-punch-bottle-9-d0671ca8.webp&quot;},{&quot;id&quot;:1951,&quot;url&quot;:&quot;https:\\\/\\\/hotsytotsy.hu\\\/wp-content\\\/uploads\\\/2025\\\/03\\\/dusters-punch-bottle-4-f9480f52.webp&quot;},{&quot;id&quot;:1952,&quot;url&quot;:&quot;https:\\\/\\\/hotsytotsy.hu\\\/wp-content\\\/uploads\\\/2025\\\/03\\\/dusters-punch-bottle-8-f4e54d9e.webp&quot;}],&quot;background_slideshow_ken_burns&quot;:&quot;yes&quot;,&quot;background_slideshow_loop&quot;:&quot;yes&quot;,&quot;background_slideshow_slide_duration&quot;:5000,&quot;background_slideshow_slide_transition&quot;:&quot;fade&quot;,&quot;background_slideshow_transition_duration&quot;:500,&quot;background_slideshow_ken_burns_zoom_direction&quot;:&quot;in&quot;}\">\n\t\t\t\t<\/div>\n\t\t\t\t<\/div>\n\t\t<div class=\"elementor-element elementor-element-57d21e1 e-flex e-con-boxed e-con e-parent\" data-id=\"57d21e1\" data-element_type=\"container\" data-e-type=\"container\" data-settings=\"{&quot;background_background&quot;:&quot;classic&quot;}\">\n\t\t\t\t\t<div class=\"e-con-inner\">\n\t\t<div class=\"elementor-element elementor-element-0b20275 e-con-full e-flex e-con e-child\" data-id=\"0b20275\" data-element_type=\"container\" data-e-type=\"container\" data-settings=\"{&quot;background_background&quot;:&quot;slideshow&quot;,&quot;background_slideshow_gallery&quot;:[{&quot;id&quot;:1952,&quot;url&quot;:&quot;https:\\\/\\\/hotsytotsy.hu\\\/wp-content\\\/uploads\\\/2025\\\/03\\\/dusters-punch-bottle-8-f4e54d9e.webp&quot;}],&quot;background_slideshow_ken_burns&quot;:&quot;yes&quot;,&quot;background_slideshow_loop&quot;:&quot;yes&quot;,&quot;background_slideshow_slide_duration&quot;:5000,&quot;background_slideshow_slide_transition&quot;:&quot;fade&quot;,&quot;background_slideshow_transition_duration&quot;:500,&quot;background_slideshow_ken_burns_zoom_direction&quot;:&quot;in&quot;}\">\n\t\t\t\t<\/div>\n\t\t<div class=\"elementor-element elementor-element-8667f5b e-con-full e-flex e-con e-child\" data-id=\"8667f5b\" data-element_type=\"container\" data-e-type=\"container\">\n\t\t\t\t<div class=\"elementor-element elementor-element-9386303 elementor-widget elementor-widget-heading\" data-id=\"9386303\" data-element_type=\"widget\" data-e-type=\"widget\" data-widget_type=\"heading.default\">\n\t\t\t\t<div class=\"elementor-widget-container\">\n\t\t\t\t\t<h2 class=\"elementor-heading-title elementor-size-default\">A must have addition to your home bar<\/h2>\t\t\t\t<\/div>\n\t\t\t\t<\/div>\n\t\t\t\t<div class=\"elementor-element elementor-element-412b58a elementor-widget elementor-widget-text-editor\" data-id=\"412b58a\" data-element_type=\"widget\" data-e-type=\"widget\" data-widget_type=\"text-editor.default\">\n\t\t\t\t<div class=\"elementor-widget-container\">\n\t\t\t\t\t\t\t\t\t<div class=\"uk-panel uk-text-lead uk-margin-medium uk-margin-remove-top\"><div class=\"uk-panel uk-text-lead uk-margin-medium uk-margin-remove-top\"><p>Duster&#8217;s Punch Gin is not only a delightful treat for yourself but also the perfect gift for any occasion. Whether you&#8217;re looking to impress guests at your next gathering, brighten up a boring day in the living room or study, or find a unique present for a special someone, Duster&#8217;s Punch Gin is an excellent choice.<\/p><p>Additionally, you can enjoy Duster&#8217;s Punch Gin as part of our exclusive Hotsy Box, which includes two bottles of Hudson Street Lager Beer, two bottles of The London Essence Original Indian Tonic Water, and dried lime and selected spices to craft the perfect gin &amp; tonic. Visit Hotsy Totsy to purchase your bottle or the Hotsy Box today!<\/p><\/div><\/div>\t\t\t\t\t\t\t\t<\/div>\n\t\t\t\t<\/div>\n\t\t<div class=\"elementor-element elementor-element-39f3edd e-con-full e-flex e-con e-child\" data-id=\"39f3edd\" data-element_type=\"container\" data-e-type=\"container\">\n\t\t\t\t<div class=\"elementor-element elementor-element-7186481 elementor-widget elementor-widget-counter\" data-id=\"7186481\" data-element_type=\"widget\" data-e-type=\"widget\" data-widget_type=\"counter.default\">\n\t\t\t\t<div class=\"elementor-widget-container\">\n\t\t\t\t\t\t\t<div class=\"elementor-counter\">\n\t\t\t<div class=\"elementor-counter-title\">Alcohol by Volume<\/div>\t\t\t<div class=\"elementor-counter-number-wrapper\">\n\t\t\t\t<span class=\"elementor-counter-number-prefix\"><\/span>\n\t\t\t\t<span class=\"elementor-counter-number\" data-duration=\"1000\" data-to-value=\"40\" data-from-value=\"10\" data-delimiter=\",\">10<\/span>\n\t\t\t\t<span class=\"elementor-counter-number-suffix\"><sup> %<\/sup><\/span>\n\t\t\t<\/div>\n\t\t<\/div>\n\t\t\t\t\t\t<\/div>\n\t\t\t\t<\/div>\n\t\t\t\t<div class=\"elementor-element elementor-element-e9cf9d4 elementor-widget elementor-widget-counter\" data-id=\"e9cf9d4\" data-element_type=\"widget\" data-e-type=\"widget\" data-widget_type=\"counter.default\">\n\t\t\t\t<div class=\"elementor-widget-container\">\n\t\t\t\t\t\t\t<div class=\"elementor-counter\">\n\t\t\t<div class=\"elementor-counter-title\">Fluid Volume<\/div>\t\t\t<div class=\"elementor-counter-number-wrapper\">\n\t\t\t\t<span class=\"elementor-counter-number-prefix\"><\/span>\n\t\t\t\t<span class=\"elementor-counter-number\" data-duration=\"2000\" data-to-value=\"500\" data-from-value=\"110\" data-delimiter=\",\">110<\/span>\n\t\t\t\t<span class=\"elementor-counter-number-suffix\"><sup> ml<\/sup><\/span>\n\t\t\t<\/div>\n\t\t<\/div>\n\t\t\t\t\t\t<\/div>\n\t\t\t\t<\/div>\n\t\t\t\t<\/div>\n\t\t<div class=\"elementor-element elementor-element-d226e49 e-con-full e-flex e-con e-child\" data-id=\"d226e49\" data-element_type=\"container\" data-e-type=\"container\">\n\t\t\t\t<div class=\"elementor-element elementor-element-367c9c1 elementor-widget__width-auto elementor-align-left elementor-mobile-align-left elementor-widget elementor-widget-button\" data-id=\"367c9c1\" data-element_type=\"widget\" data-e-type=\"widget\" data-widget_type=\"button.default\">\n\t\t\t\t<div class=\"elementor-widget-container\">\n\t\t\t\t\t\t\t\t\t<div class=\"elementor-button-wrapper\">\n\t\t\t\t\t<a class=\"elementor-button elementor-button-link elementor-size-sm\" href=\"https:\/\/hotsytotsy.hu\/contact\/\">\n\t\t\t\t\t\t<span class=\"elementor-button-content-wrapper\">\n\t\t\t\t\t\t\t\t\t<span class=\"elementor-button-text\">I need it!<\/span>\n\t\t\t\t\t<\/span>\n\t\t\t\t\t<\/a>\n\t\t\t\t<\/div>\n\t\t\t\t\t\t\t\t<\/div>\n\t\t\t\t<\/div>\n\t\t\t\t<div class=\"elementor-element elementor-element-7439372 elementor-widget__width-auto elementor-align-left elementor-mobile-align-left elementor-widget elementor-widget-button\" data-id=\"7439372\" data-element_type=\"widget\" data-e-type=\"widget\" data-widget_type=\"button.default\">\n\t\t\t\t<div class=\"elementor-widget-container\">\n\t\t\t\t\t\t\t\t\t<div class=\"elementor-button-wrapper\">\n\t\t\t\t\t<a class=\"elementor-button elementor-button-link elementor-size-sm\" href=\"https:\/\/hotsytotsy.hu\/hudson-street-lager-beer\/\">\n\t\t\t\t\t\t<span class=\"elementor-button-content-wrapper\">\n\t\t\t\t\t\t\t\t\t<span class=\"elementor-button-text\">Beer? Yes, Please!<\/span>\n\t\t\t\t\t<\/span>\n\t\t\t\t\t<\/a>\n\t\t\t\t<\/div>\n\t\t\t\t\t\t\t\t<\/div>\n\t\t\t\t<\/div>\n\t\t\t\t<\/div>\n\t\t\t\t<\/div>\n\t\t\t\t\t<\/div>\n\t\t\t\t<\/div>\n\t\t\t\t<\/div>\n\t\t","protected":false},"excerpt":{"rendered":"<p>Duster&#8217;sPunch The pride and joy of Hotsy Totsy. This exceptional gin is our very own creation, crafted with meticulous care and a passion for excellence. Duster&#8217;s Punch Gin features a harmonious blend of botanicals, including juniper, coriander, angelica root, citrus peels, and a touch of spice. The result is a smooth, aromatic gin that stands [&hellip;]<\/p>\n","protected":false},"author":2,"featured_media":1952,"parent":0,"menu_order":10,"comment_status":"closed","ping_status":"closed","template":"","meta":{"footnotes":""},"class_list":["post-3097","page","type-page","status-publish","has-post-thumbnail","hentry"],"yoast_head":"<!-- This site is optimized with the Yoast SEO plugin v27.4 - https:\/\/yoast.com\/product\/yoast-seo-wordpress\/ -->\n<title>Duster\u2019s Punch \u2013 House Craft Gin | Hotsy Totsy Budapest<\/title>\n<meta name=\"description\" content=\"Meet Duster\u2019s Punch\u2014our very own house gin, crafted for bold flavors and balanced cocktails. Only at Hotsy Totsy Budapest.\" \/>\n<meta name=\"robots\" content=\"index, follow, max-snippet:-1, max-image-preview:large, max-video-preview:-1\" \/>\n<link rel=\"canonical\" href=\"https:\/\/hotsytotsy.hu\/hu\/dusters-punch\/\" \/>\n<meta property=\"og:locale\" content=\"hu_HU\" \/>\n<meta property=\"og:type\" content=\"article\" \/>\n<meta property=\"og:title\" content=\"Duster\u2019s Punch \u2013 House Craft Gin | Hotsy Totsy Budapest\" \/>\n<meta property=\"og:description\" content=\"Meet Duster\u2019s Punch\u2014our very own house gin, crafted for bold flavors and balanced cocktails. Only at Hotsy Totsy Budapest.\" \/>\n<meta property=\"og:url\" content=\"https:\/\/hotsytotsy.hu\/hu\/dusters-punch\/\" \/>\n<meta property=\"og:site_name\" content=\"Cocktail Bar Budapest \u2013 Speakeasy Drinks &amp; Unique Atmosphere\" \/>\n<meta property=\"article:publisher\" content=\"https:\/\/www.facebook.com\/hotobp\/\" \/>\n<meta property=\"article:modified_time\" content=\"2025-08-04T14:07:57+00:00\" \/>\n<meta property=\"og:image\" content=\"https:\/\/hotsytotsy.hu\/wp-content\/uploads\/2025\/03\/dusters-punch-bottle-8-f4e54d9e.webp\" \/>\n\t<meta property=\"og:image:width\" content=\"1500\" \/>\n\t<meta property=\"og:image:height\" content=\"1500\" \/>\n\t<meta property=\"og:image:type\" content=\"image\/webp\" \/>\n<meta name=\"twitter:card\" content=\"summary_large_image\" \/>\n<meta name=\"twitter:label1\" content=\"Becs\u00fclt olvas\u00e1si id\u0151\" \/>\n\t<meta name=\"twitter:data1\" content=\"1 perc\" \/>\n<script type=\"application\/ld+json\" class=\"yoast-schema-graph\">{\"@context\":\"https:\\\/\\\/schema.org\",\"@graph\":[{\"@type\":\"WebPage\",\"@id\":\"https:\\\/\\\/hotsytotsy.hu\\\/dusters-punch\\\/\",\"url\":\"https:\\\/\\\/hotsytotsy.hu\\\/dusters-punch\\\/\",\"name\":\"Duster\u2019s Punch \u2013 House Craft Gin | Hotsy Totsy Budapest\",\"isPartOf\":{\"@id\":\"https:\\\/\\\/hotsytotsy.hu\\\/#website\"},\"primaryImageOfPage\":{\"@id\":\"https:\\\/\\\/hotsytotsy.hu\\\/dusters-punch\\\/#primaryimage\"},\"image\":{\"@id\":\"https:\\\/\\\/hotsytotsy.hu\\\/dusters-punch\\\/#primaryimage\"},\"thumbnailUrl\":\"https:\\\/\\\/hotsytotsy.hu\\\/wp-content\\\/uploads\\\/2025\\\/03\\\/dusters-punch-bottle-8-f4e54d9e.webp\",\"datePublished\":\"2025-03-24T21:48:02+00:00\",\"dateModified\":\"2025-08-04T14:07:57+00:00\",\"description\":\"Meet Duster\u2019s Punch\u2014our very own house gin, crafted for bold flavors and balanced cocktails. Only at Hotsy Totsy Budapest.\",\"breadcrumb\":{\"@id\":\"https:\\\/\\\/hotsytotsy.hu\\\/dusters-punch\\\/#breadcrumb\"},\"inLanguage\":\"hu\",\"potentialAction\":[{\"@type\":\"ReadAction\",\"target\":[\"https:\\\/\\\/hotsytotsy.hu\\\/dusters-punch\\\/\"]}]},{\"@type\":\"ImageObject\",\"inLanguage\":\"hu\",\"@id\":\"https:\\\/\\\/hotsytotsy.hu\\\/dusters-punch\\\/#primaryimage\",\"url\":\"https:\\\/\\\/hotsytotsy.hu\\\/wp-content\\\/uploads\\\/2025\\\/03\\\/dusters-punch-bottle-8-f4e54d9e.webp\",\"contentUrl\":\"https:\\\/\\\/hotsytotsy.hu\\\/wp-content\\\/uploads\\\/2025\\\/03\\\/dusters-punch-bottle-8-f4e54d9e.webp\",\"width\":1500,\"height\":1500},{\"@type\":\"BreadcrumbList\",\"@id\":\"https:\\\/\\\/hotsytotsy.hu\\\/dusters-punch\\\/#breadcrumb\",\"itemListElement\":[{\"@type\":\"ListItem\",\"position\":1,\"name\":\"Home\",\"item\":\"https:\\\/\\\/hotsytotsy.hu\\\/\"},{\"@type\":\"ListItem\",\"position\":2,\"name\":\"Duster&#8217;s Punch\"}]},{\"@type\":\"WebSite\",\"@id\":\"https:\\\/\\\/hotsytotsy.hu\\\/#website\",\"url\":\"https:\\\/\\\/hotsytotsy.hu\\\/\",\"name\":\"Cocktail Bar Budapest \u2013 Speakeasy Drinks & Unique Atmosphere\",\"description\":\"Hotsy Totsy is a hidden speakeasy cocktail bar in Budapest\u2014serving masterfully crafted drinks in a uniquely stylish setting.\",\"publisher\":{\"@id\":\"https:\\\/\\\/hotsytotsy.hu\\\/#organization\"},\"alternateName\":\"Hotsy Totsy Budapest\",\"potentialAction\":[{\"@type\":\"SearchAction\",\"target\":{\"@type\":\"EntryPoint\",\"urlTemplate\":\"https:\\\/\\\/hotsytotsy.hu\\\/?s={search_term_string}\"},\"query-input\":{\"@type\":\"PropertyValueSpecification\",\"valueRequired\":true,\"valueName\":\"search_term_string\"}}],\"inLanguage\":\"hu\"},{\"@type\":\"Organization\",\"@id\":\"https:\\\/\\\/hotsytotsy.hu\\\/#organization\",\"name\":\"Hotsy Totsy Cocktail Bar Budapest\",\"url\":\"https:\\\/\\\/hotsytotsy.hu\\\/\",\"logo\":{\"@type\":\"ImageObject\",\"inLanguage\":\"hu\",\"@id\":\"https:\\\/\\\/hotsytotsy.hu\\\/#\\\/schema\\\/logo\\\/image\\\/\",\"url\":\"https:\\\/\\\/hotsytotsy.hu\\\/wp-content\\\/uploads\\\/2025\\\/02\\\/icon-hotsy-logo-letters.svg\",\"contentUrl\":\"https:\\\/\\\/hotsytotsy.hu\\\/wp-content\\\/uploads\\\/2025\\\/02\\\/icon-hotsy-logo-letters.svg\",\"width\":210,\"height\":303,\"caption\":\"Hotsy Totsy Cocktail Bar Budapest\"},\"image\":{\"@id\":\"https:\\\/\\\/hotsytotsy.hu\\\/#\\\/schema\\\/logo\\\/image\\\/\"},\"sameAs\":[\"https:\\\/\\\/www.facebook.com\\\/hotobp\\\/\",\"https:\\\/\\\/www.instagram.com\\\/hotsytotsybudapest\\\/\",\"https:\\\/\\\/www.youtube.com\\\/@HotsyTotsyBudapest\"]}]}<\/script>\n<!-- \/ Yoast SEO plugin. -->","yoast_head_json":{"title":"Duster\u2019s Punch \u2013 House Craft Gin | Hotsy Totsy Budapest","description":"Meet Duster\u2019s Punch\u2014our very own house gin, crafted for bold flavors and balanced cocktails. Only at Hotsy Totsy Budapest.","robots":{"index":"index","follow":"follow","max-snippet":"max-snippet:-1","max-image-preview":"max-image-preview:large","max-video-preview":"max-video-preview:-1"},"canonical":"https:\/\/hotsytotsy.hu\/hu\/dusters-punch\/","og_locale":"hu_HU","og_type":"article","og_title":"Duster\u2019s Punch \u2013 House Craft Gin | Hotsy Totsy Budapest","og_description":"Meet Duster\u2019s Punch\u2014our very own house gin, crafted for bold flavors and balanced cocktails. Only at Hotsy Totsy Budapest.","og_url":"https:\/\/hotsytotsy.hu\/hu\/dusters-punch\/","og_site_name":"Cocktail Bar Budapest \u2013 Speakeasy Drinks &amp; Unique Atmosphere","article_publisher":"https:\/\/www.facebook.com\/hotobp\/","article_modified_time":"2025-08-04T14:07:57+00:00","og_image":[{"width":1500,"height":1500,"url":"https:\/\/hotsytotsy.hu\/wp-content\/uploads\/2025\/03\/dusters-punch-bottle-8-f4e54d9e.webp","type":"image\/webp"}],"twitter_card":"summary_large_image","twitter_misc":{"Becs\u00fclt olvas\u00e1si id\u0151":"1 perc"},"schema":{"@context":"https:\/\/schema.org","@graph":[{"@type":"WebPage","@id":"https:\/\/hotsytotsy.hu\/dusters-punch\/","url":"https:\/\/hotsytotsy.hu\/dusters-punch\/","name":"Duster\u2019s Punch \u2013 House Craft Gin | Hotsy Totsy Budapest","isPartOf":{"@id":"https:\/\/hotsytotsy.hu\/#website"},"primaryImageOfPage":{"@id":"https:\/\/hotsytotsy.hu\/dusters-punch\/#primaryimage"},"image":{"@id":"https:\/\/hotsytotsy.hu\/dusters-punch\/#primaryimage"},"thumbnailUrl":"https:\/\/hotsytotsy.hu\/wp-content\/uploads\/2025\/03\/dusters-punch-bottle-8-f4e54d9e.webp","datePublished":"2025-03-24T21:48:02+00:00","dateModified":"2025-08-04T14:07:57+00:00","description":"Meet Duster\u2019s Punch\u2014our very own house gin, crafted for bold flavors and balanced cocktails. Only at Hotsy Totsy Budapest.","breadcrumb":{"@id":"https:\/\/hotsytotsy.hu\/dusters-punch\/#breadcrumb"},"inLanguage":"hu","potentialAction":[{"@type":"ReadAction","target":["https:\/\/hotsytotsy.hu\/dusters-punch\/"]}]},{"@type":"ImageObject","inLanguage":"hu","@id":"https:\/\/hotsytotsy.hu\/dusters-punch\/#primaryimage","url":"https:\/\/hotsytotsy.hu\/wp-content\/uploads\/2025\/03\/dusters-punch-bottle-8-f4e54d9e.webp","contentUrl":"https:\/\/hotsytotsy.hu\/wp-content\/uploads\/2025\/03\/dusters-punch-bottle-8-f4e54d9e.webp","width":1500,"height":1500},{"@type":"BreadcrumbList","@id":"https:\/\/hotsytotsy.hu\/dusters-punch\/#breadcrumb","itemListElement":[{"@type":"ListItem","position":1,"name":"Home","item":"https:\/\/hotsytotsy.hu\/"},{"@type":"ListItem","position":2,"name":"Duster&#8217;s Punch"}]},{"@type":"WebSite","@id":"https:\/\/hotsytotsy.hu\/#website","url":"https:\/\/hotsytotsy.hu\/","name":"Budapesti kokt\u00e9lb\u00e1r \u2013 Speakeasy italok \u00e9s hangulat","description":"Hotsy Totsy is a hidden speakeasy cocktail bar in Budapest\u2014serving masterfully crafted drinks in a uniquely stylish setting.","publisher":{"@id":"https:\/\/hotsytotsy.hu\/#organization"},"alternateName":"Hotsy Totsy Budapest","potentialAction":[{"@type":"SearchAction","target":{"@type":"EntryPoint","urlTemplate":"https:\/\/hotsytotsy.hu\/?s={search_term_string}"},"query-input":{"@type":"PropertyValueSpecification","valueRequired":true,"valueName":"search_term_string"}}],"inLanguage":"hu"},{"@type":"Organization","@id":"https:\/\/hotsytotsy.hu\/#organization","name":"Hotsy Totsy Cocktail Bar Budapest","url":"https:\/\/hotsytotsy.hu\/","logo":{"@type":"ImageObject","inLanguage":"hu","@id":"https:\/\/hotsytotsy.hu\/#\/schema\/logo\/image\/","url":"https:\/\/hotsytotsy.hu\/wp-content\/uploads\/2025\/02\/icon-hotsy-logo-letters.svg","contentUrl":"https:\/\/hotsytotsy.hu\/wp-content\/uploads\/2025\/02\/icon-hotsy-logo-letters.svg","width":210,"height":303,"caption":"Hotsy Totsy Cocktail Bar Budapest"},"image":{"@id":"https:\/\/hotsytotsy.hu\/#\/schema\/logo\/image\/"},"sameAs":["https:\/\/www.facebook.com\/hotobp\/","https:\/\/www.instagram.com\/hotsytotsybudapest\/","https:\/\/www.youtube.com\/@HotsyTotsyBudapest"]}]}},"_links":{"self":[{"href":"https:\/\/hotsytotsy.hu\/hu\/wp-json\/wp\/v2\/pages\/3097","targetHints":{"allow":["GET"]}}],"collection":[{"href":"https:\/\/hotsytotsy.hu\/hu\/wp-json\/wp\/v2\/pages"}],"about":[{"href":"https:\/\/hotsytotsy.hu\/hu\/wp-json\/wp\/v2\/types\/page"}],"author":[{"embeddable":true,"href":"https:\/\/hotsytotsy.hu\/hu\/wp-json\/wp\/v2\/users\/2"}],"replies":[{"embeddable":true,"href":"https:\/\/hotsytotsy.hu\/hu\/wp-json\/wp\/v2\/comments?post=3097"}],"version-history":[{"count":3,"href":"https:\/\/hotsytotsy.hu\/hu\/wp-json\/wp\/v2\/pages\/3097\/revisions"}],"predecessor-version":[{"id":5303,"href":"https:\/\/hotsytotsy.hu\/hu\/wp-json\/wp\/v2\/pages\/3097\/revisions\/5303"}],"wp:featuredmedia":[{"embeddable":true,"href":"https:\/\/hotsytotsy.hu\/hu\/wp-json\/wp\/v2\/media\/1952"}],"wp:attachment":[{"href":"https:\/\/hotsytotsy.hu\/hu\/wp-json\/wp\/v2\/media?parent=3097"}],"curies":[{"name":"wp","href":"https:\/\/api.w.org\/{rel}","templated":true}]}}